{"id":82,"date":"2026-04-11T21:54:05","date_gmt":"2026-04-11T19:54:05","guid":{"rendered":"https:\/\/www.bergacker75.ch\/?page_id=82"},"modified":"2026-04-16T21:11:46","modified_gmt":"2026-04-16T19:11:46","slug":"startseite","status":"publish","type":"page","link":"https:\/\/www.bergacker75.ch\/","title":{"rendered":"Startseite"},"content":{"rendered":"\n<div class=\"wp-block-cover is-light\" style=\"border-top-left-radius:0px;border-top-right-radius:0px;border-bottom-left-radius:0px;border-bottom-right-radius:0px\"><span aria-hidden=\"true\" class=\"wp-block-cover__background has-background-dim-30 has-background-dim\" style=\"background-color:#aaa7a6\"><\/span><img loading=\"lazy\" decoding=\"async\" width=\"1073\" height=\"366\" src=\"https:\/\/www.bergacker75.ch\/wp-content\/uploads\/2026\/04\/Tanz_im_Sonneuntergang_1073_366.png\" class=\"wp-block-cover__image-background wp-post-image\" alt=\"\" data-object-fit=\"cover\" srcset=\"https:\/\/www.bergacker75.ch\/wp-content\/uploads\/2026\/04\/Tanz_im_Sonneuntergang_1073_366.png 1073w, https:\/\/www.bergacker75.ch\/wp-content\/uploads\/2026\/04\/Tanz_im_Sonneuntergang_1073_366-300x102.png 300w, https:\/\/www.bergacker75.ch\/wp-content\/uploads\/2026\/04\/Tanz_im_Sonneuntergang_1073_366-1024x349.png 1024w, https:\/\/www.bergacker75.ch\/wp-content\/uploads\/2026\/04\/Tanz_im_Sonneuntergang_1073_366-768x262.png 768w\" sizes=\"auto, (max-width: 1073px) 100vw, 1073px\" \/><div class=\"wp-block-cover__inner-container is-layout-constrained wp-block-cover-is-layout-constrained\">\n<h2 class=\"wp-block-heading has-x-large-font-size\">Aemme dance Kirchberg<\/h2>\n\n\n\n<p class=\"has-text-align-left has-ast-global-color-5-color has-text-color has-link-color has-large-font-size wp-elements-b2c7c8b04aa3ad0a4c91ea020eeed1b7\">Tanzen verbindet &#8211; Step by Step<\/p>\n\n\n\n<div class=\"wp-block-buttons is-layout-flex wp-block-buttons-is-layout-flex\">\n<div class=\"wp-block-button\"><a class=\"wp-block-button__link wp-element-button\" href=\"https:\/\/www.bergacker75.ch\/?page_id=150\">Jetzt anmelden<\/a><\/div>\n\n\n\n<div class=\"wp-block-button is-style-fill\"><a class=\"wp-block-button__link wp-element-button\" href=\"https:\/\/www.bergacker75.ch\/?page_id=52\">Kursangebot<\/a><\/div>\n\n\n\n<div class=\"wp-block-button is-style-outline is-style-outline--1\"><a class=\"wp-block-button__link wp-element-button\" href=\"http:\/\/aemmedance.ch\" target=\"_blank\" rel=\"noreferrer noopener\">Aemme dance L\u00fctzelfl\u00fch  \u2192<\/a><\/div>\n<\/div>\n<\/div><\/div>\n\n\n\n<div style=\"height:60px\" aria-hidden=\"true\" class=\"wp-block-spacer\"><\/div>\n\n\n\n<p style=\"border-style:none;border-width:0px\">Entdecke deinen Rhythmus<\/p>\n\n\n\n<h2 class=\"wp-block-heading\">Unser Kursangebot<\/h2>\n\n\n\n<div class=\"wp-block-uagb-container uagb-layout-flex uagb-block-6c0ad9b1 alignwide uagb-is-root-container\">\n<div class=\"wp-block-uagb-container uagb-block-706f8746\">\n<div class=\"wp-block-uagb-container uagb-block-c3f7f6a3\">\n<div class=\"wp-block-uagb-container uagb-block-c01f081e\">\n<div class=\"wp-block-cover\" style=\"border-top-left-radius:12px;border-top-right-radius:12px;border-bottom-left-radius:12px;border-bottom-right-radius:12px;min-height:430px;aspect-ratio:unset;\"><img loading=\"lazy\" decoding=\"async\" width=\"768\" height=\"512\" class=\"wp-block-cover__image-background wp-image-127 size-full\" alt=\"\" src=\"https:\/\/www.bergacker75.ch\/wp-content\/uploads\/2026\/04\/Banner_latin_standard_768x512.png\" data-object-fit=\"cover\" srcset=\"https:\/\/www.bergacker75.ch\/wp-content\/uploads\/2026\/04\/Banner_latin_standard_768x512.png 768w, https:\/\/www.bergacker75.ch\/wp-content\/uploads\/2026\/04\/Banner_latin_standard_768x512-300x200.png 300w\" sizes=\"auto, (max-width: 768px) 100vw, 768px\" \/><span aria-hidden=\"true\" class=\"wp-block-cover__background has-background-dim\" style=\"background-color:#844b72\"><\/span><div class=\"wp-block-cover__inner-container is-layout-constrained wp-block-cover-is-layout-constrained\">\n<p class=\"has-text-align-left has-ast-global-color-5-color has-text-color has-link-color has-large-font-size wp-elements-ccd586aad2a75c11da8fff2a54750735\">Latin &amp; Standard<\/p>\n\n\n\n<p class=\"has-ast-global-color-5-color has-text-color has-link-color wp-elements-b136f72ed4568d3cca92f1fb47f763eb\">Der Klassiker unter den Tanzkursen. Schritt f\u00fcr Schritt lernst Du alle T\u00e4nze, welche Du auf der Tanzfl\u00e4che ben\u00f6tigst. <\/p>\n\n\n\n<div class=\"wp-block-buttons is-layout-flex wp-block-buttons-is-layout-flex\">\n<div class=\"wp-block-button\"><a class=\"wp-block-button__link wp-element-button\" href=\"https:\/\/www.bergacker75.ch\/?page_id=98\">Mehr erfahren<\/a><\/div>\n<\/div>\n<\/div><\/div>\n<\/div>\n<\/div>\n<\/div>\n\n\n\n<div class=\"wp-block-uagb-container uagb-block-8f635e9b\">\n<div class=\"wp-block-cover\" style=\"border-top-left-radius:12px;border-top-right-radius:12px;border-bottom-left-radius:12px;border-bottom-right-radius:12px;min-height:215px;aspect-ratio:unset;\"><span aria-hidden=\"true\" class=\"wp-block-cover__background has-ast-global-color-5-background-color has-background-dim-100 has-background-dim\"><\/span><div class=\"wp-block-cover__inner-container is-layout-constrained wp-block-cover-is-layout-constrained\">\n<p class=\"has-text-align-center has-large-font-size\">Hochzeitstanz<\/p>\n\n\n\n<p>Der Tanz am Tag Eures Lebens<\/p>\n\n\n\n<div class=\"wp-block-buttons is-layout-flex wp-block-buttons-is-layout-flex\">\n<div class=\"wp-block-button\"><a class=\"wp-block-button__link wp-element-button\" href=\"https:\/\/www.bergacker75.ch\/?page_id=101\">Mehr erfahren<\/a><\/div>\n<\/div>\n<\/div><\/div>\n\n\n\n<div class=\"wp-block-cover\" style=\"border-top-left-radius:12px;border-top-right-radius:12px;border-bottom-left-radius:12px;border-bottom-right-radius:12px;min-height:356px;aspect-ratio:unset;\"><span aria-hidden=\"true\" class=\"wp-block-cover__background has-ast-global-color-5-background-color has-background-dim-100 has-background-dim\"><\/span><div class=\"wp-block-cover__inner-container is-layout-constrained wp-block-cover-is-layout-constrained\">\n<p class=\"has-text-align-center has-large-font-size\">Privatstunden<\/p>\n\n\n\n<p>Bestimme du den Rhythmus&#8230; in der Privatstunde w\u00e4hlst du den Tanzstil und die Entwicklungsstufen f\u00fcr dich.. ganz nach deinem Wunscht<\/p>\n\n\n\n<div class=\"wp-block-buttons is-layout-flex wp-block-buttons-is-layout-flex\">\n<div class=\"wp-block-button\"><a class=\"wp-block-button__link wp-element-button\" href=\"https:\/\/www.bergacker75.ch\/?page_id=102\">Mehr erfahren<\/a><\/div>\n<\/div>\n<\/div><\/div>\n<\/div>\n\n\n\n<div class=\"wp-block-cover\" style=\"border-top-left-radius:12px;border-top-right-radius:12px;border-bottom-left-radius:12px;border-bottom-right-radius:12px;min-height:322px;aspect-ratio:unset;\"><span aria-hidden=\"true\" class=\"wp-block-cover__background has-ast-global-color-5-background-color has-background-dim-100 has-background-dim\"><\/span><div class=\"wp-block-cover__inner-container is-layout-constrained wp-block-cover-is-layout-constrained\">\n<p class=\"has-text-align-center has-large-font-size\">Discofox &amp; Jive<\/p>\n\n\n\n<p>Discofox &amp; Jive Beschreibung folgt&#8230;..<\/p>\n\n\n\n<div class=\"wp-block-buttons is-layout-flex wp-block-buttons-is-layout-flex\">\n<div class=\"wp-block-button\"><a class=\"wp-block-button__link wp-element-button\" href=\"https:\/\/www.bergacker75.ch\/?page_id=99\">Mehr erfahren<\/a><\/div>\n<\/div>\n<\/div><\/div>\n\n\n\n<div class=\"wp-block-cover\" style=\"border-top-left-radius:12px;border-top-right-radius:12px;border-bottom-left-radius:12px;border-bottom-right-radius:12px;min-height:296px;aspect-ratio:unset;\"><span aria-hidden=\"true\" class=\"wp-block-cover__background has-ast-global-color-5-background-color has-background-dim-100 has-background-dim\"><\/span><div class=\"wp-block-cover__inner-container is-layout-constrained wp-block-cover-is-layout-constrained\">\n<p class=\"has-text-align-center has-large-font-size\">Step by Step 4 you<\/p>\n\n\n\n<p>Kein Partner, kein Problem&#8230; Musik und Tanzen geht auch solo&#8230;<\/p>\n\n\n\n<div class=\"wp-block-buttons is-layout-flex wp-block-buttons-is-layout-flex\">\n<div class=\"wp-block-button\"><a class=\"wp-block-button__link wp-element-button\">Mehr erfahren<\/a><\/div>\n<\/div>\n<\/div><\/div>\n<\/div>\n\n\n\n<div style=\"height:60px\" aria-hidden=\"true\" class=\"wp-block-spacer\"><\/div>\n\n\n\n<p>Referenzen<\/p>\n\n\n\n<h2 class=\"wp-block-heading\">Das sagen unsere Kunden<\/h2>\n\n\n\n<div class=\"wp-block-uagb-testimonial uagb-slick-carousel uagb-tm__arrow-outside uagb-block-04480cd7\"><div class=\"is-carousel uagb-tm__columns-1 uagb-tm__items\"><div class=\"uagb-testimonial__wrap  uagb-tm__imgicon-style-circle uagb-tm__image-position-bottom uagb-tm__bg-type-none \"><div class=\"uagb-tm__content\"><div class=\"uagb-tm__overlay\"><\/div><div class=\"uagb-tm__text-wrap\"><div class=\"uagb-tm__desc\">Coole Figuren, coole Moves<\/div><div class=\"uagb-tm__meta-inner\"><div class=\"uagb-testimonial-details\"><span class=\"uagb-tm__author-name\">Tina <\/span><span class=\"uagb-tm__company\">Solo Dancing<\/span><\/div><\/div><\/div><\/div><\/div><div class=\"uagb-testimonial__wrap  uagb-tm__imgicon-style-circle uagb-tm__image-position-bottom uagb-tm__bg-type-none \"><div class=\"uagb-tm__content\"><div class=\"uagb-tm__overlay\"><\/div><div class=\"uagb-tm__text-wrap\"><div class=\"uagb-tm__desc\">&#171;H\u00e4tte nie gedacht, das sich das so schnell und so gut lernen kann&#8230; Tanzen ist cool&#187;<\/div><div class=\"uagb-tm__meta-inner\"><div class=\"uagb-testimonial-details\"><span class=\"uagb-tm__author-name\">Lorenz<\/span><span class=\"uagb-tm__company\">Jive &amp; Discofox <\/span><\/div><\/div><\/div><\/div><\/div><div class=\"uagb-testimonial__wrap  uagb-tm__imgicon-style-circle uagb-tm__image-position-bottom uagb-tm__bg-type-none \"><div class=\"uagb-tm__content\"><div class=\"uagb-tm__overlay\"><\/div><div class=\"uagb-tm__text-wrap\"><div class=\"uagb-tm__desc\">Die Zeit vergeht immer super schnell&#8230; vielen Dank f\u00fcr Deine Geduld und die wertvollen Inputs!<\/div><div class=\"uagb-tm__meta-inner\"><div class=\"uagb-testimonial-details\"><span class=\"uagb-tm__author-name\">Charly<\/span><span class=\"uagb-tm__company\">Standardt\u00e4nzer<\/span><\/div><\/div><\/div><\/div><\/div><\/div><\/div>\n\n\n\n<p><\/p>\n","protected":false},"excerpt":{"rendered":"<p>Entdecke deinen Rhythmus Unser Kursangebot Referenzen Das sagen unsere Kunden<\/p>\n","protected":false},"author":1,"featured_media":87,"parent":0,"menu_order":0,"comment_status":"closed","ping_status":"closed","template":"","meta":{"_uag_custom_page_level_css":"","site-sidebar-layout":"default","site-content-layout":"","ast-site-content-layout":"default","site-content-style":"unboxed","site-sidebar-style":"default","ast-global-header-display":"","ast-banner-title-visibility":"disabled","ast-main-header-display":"","ast-hfb-above-header-display":"","ast-hfb-below-header-display":"","ast-hfb-mobile-header-display":"","site-post-title":"disabled","ast-breadcrumbs-content":"disabled","ast-featured-img":"disabled","footer-sml-layout":"","ast-disable-related-posts":"","theme-transparent-header-meta":"","adv-header-id-meta":"","stick-header-meta":"","header-above-stick-meta":"","header-main-stick-meta":"","header-below-stick-meta":"","astra-migrate-meta-layouts":"default","ast-page-background-enabled":"default","ast-page-background-meta":{"desktop":{"background-color":"var(--ast-global-color-5)","background-image":"","background-repeat":"repeat","background-position":"center center","background-size":"auto","background-attachment":"scroll","background-type":"","background-media":"","overlay-type":"","overlay-color":"","overlay-opacity":"","overlay-gradient":""},"tablet":{"background-color":"","background-image":"","background-repeat":"repeat","background-position":"center center","background-size":"auto","background-attachment":"scroll","background-type":"","background-media":"","overlay-type":"","overlay-color":"","overlay-opacity":"","overlay-gradient":""},"mobile":{"background-color":"","background-image":"","background-repeat":"repeat","background-position":"center center","background-size":"auto","background-attachment":"scroll","background-type":"","background-media":"","overlay-type":"","overlay-color":"","overlay-opacity":"","overlay-gradient":""}},"ast-content-background-meta":{"desktop":{"background-color":"var(--ast-global-color-4)","background-image":"","background-repeat":"repeat","background-position":"center center","background-size":"auto","background-attachment":"scroll","background-type":"","background-media":"","overlay-type":"","overlay-color":"","overlay-opacity":"","overlay-gradient":""},"tablet":{"background-color":"var(--ast-global-color-4)","background-image":"","background-repeat":"repeat","background-position":"center center","background-size":"auto","background-attachment":"scroll","background-type":"","background-media":"","overlay-type":"","overlay-color":"","overlay-opacity":"","overlay-gradient":""},"mobile":{"background-color":"var(--ast-global-color-4)","background-image":"","background-repeat":"repeat","background-position":"center center","background-size":"auto","background-attachment":"scroll","background-type":"","background-media":"","overlay-type":"","overlay-color":"","overlay-opacity":"","overlay-gradient":""}},"footnotes":""},"class_list":["post-82","page","type-page","status-publish","has-post-thumbnail","hentry"],"uagb_featured_image_src":{"full":["https:\/\/www.bergacker75.ch\/wp-content\/uploads\/2026\/04\/Tanz_im_Sonneuntergang_1073_366.png",1073,366,false],"thumbnail":["https:\/\/www.bergacker75.ch\/wp-content\/uploads\/2026\/04\/Tanz_im_Sonneuntergang_1073_366-150x150.png",150,150,true],"medium":["https:\/\/www.bergacker75.ch\/wp-content\/uploads\/2026\/04\/Tanz_im_Sonneuntergang_1073_366-300x102.png",300,102,true],"medium_large":["https:\/\/www.bergacker75.ch\/wp-content\/uploads\/2026\/04\/Tanz_im_Sonneuntergang_1073_366-768x262.png",768,262,true],"large":["https:\/\/www.bergacker75.ch\/wp-content\/uploads\/2026\/04\/Tanz_im_Sonneuntergang_1073_366-1024x349.png",1024,349,true],"1536x1536":["https:\/\/www.bergacker75.ch\/wp-content\/uploads\/2026\/04\/Tanz_im_Sonneuntergang_1073_366.png",1073,366,false],"2048x2048":["https:\/\/www.bergacker75.ch\/wp-content\/uploads\/2026\/04\/Tanz_im_Sonneuntergang_1073_366.png",1073,366,false]},"uagb_author_info":{"display_name":"webmaster","author_link":"https:\/\/www.bergacker75.ch\/?author=1"},"uagb_comment_info":0,"uagb_excerpt":"Entdecke deinen Rhythmus Unser Kursangebot Referenzen Das sagen unsere Kunden","_links":{"self":[{"href":"https:\/\/www.bergacker75.ch\/index.php?rest_route=\/wp\/v2\/pages\/82","targetHints":{"allow":["GET"]}}],"collection":[{"href":"https:\/\/www.bergacker75.ch\/index.php?rest_route=\/wp\/v2\/pages"}],"about":[{"href":"https:\/\/www.bergacker75.ch\/index.php?rest_route=\/wp\/v2\/types\/page"}],"author":[{"embeddable":true,"href":"https:\/\/www.bergacker75.ch\/index.php?rest_route=\/wp\/v2\/users\/1"}],"replies":[{"embeddable":true,"href":"https:\/\/www.bergacker75.ch\/index.php?rest_route=%2Fwp%2Fv2%2Fcomments&post=82"}],"version-history":[{"count":26,"href":"https:\/\/www.bergacker75.ch\/index.php?rest_route=\/wp\/v2\/pages\/82\/revisions"}],"predecessor-version":[{"id":261,"href":"https:\/\/www.bergacker75.ch\/index.php?rest_route=\/wp\/v2\/pages\/82\/revisions\/261"}],"wp:featuredmedia":[{"embeddable":true,"href":"https:\/\/www.bergacker75.ch\/index.php?rest_route=\/wp\/v2\/media\/87"}],"wp:attachment":[{"href":"https:\/\/www.bergacker75.ch\/index.php?rest_route=%2Fwp%2Fv2%2Fmedia&parent=82"}],"curies":[{"name":"wp","href":"https:\/\/api.w.org\/{rel}","templated":true}]}}